{"id":601,"date":"2020-09-27T18:17:27","date_gmt":"2020-09-27T18:17:27","guid":{"rendered":"https:\/\/www.quekawaii.com\/?page_id=601"},"modified":"2020-11-17T09:09:41","modified_gmt":"2020-11-17T09:09:41","slug":"historia-del-ratoncito-perez","status":"publish","type":"page","link":"https:\/\/www.quekawaii.com\/?page_id=601","title":{"rendered":"Historia del Ratoncito P\u00e9rez"},"content":{"rendered":"\n<figure class=\"wp-block-image size-large\"><img loading=\"lazy\" decoding=\"async\" width=\"935\" height=\"893\" src=\"https:\/\/www.quekawaii.com\/wp-content\/uploads\/2020\/03\/ratolinet-npg-1-e1586801596254.jpg\" alt=\"\" class=\"wp-image-6\" srcset=\"https:\/\/www.quekawaii.com\/wp-content\/uploads\/2020\/03\/ratolinet-npg-1-e1586801596254.jpg 935w, https:\/\/www.quekawaii.com\/wp-content\/uploads\/2020\/03\/ratolinet-npg-1-e1586801596254-600x573.jpg 600w, https:\/\/www.quekawaii.com\/wp-content\/uploads\/2020\/03\/ratolinet-npg-1-e1586801596254-300x287.jpg 300w, https:\/\/www.quekawaii.com\/wp-content\/uploads\/2020\/03\/ratolinet-npg-1-e1586801596254-768x734.jpg 768w\" sizes=\"auto, (max-width: 935px) 100vw, 935px\" \/><figcaption>Ratoncito P\u00e9rez QueKawaii<\/figcaption><\/figure>\n\n\n\n<p>Es un personaje de leyenda popular. Cuando a un ni\u00f1o se le cae un diente lo pone bajo la almohada y mientras duerme este rat\u00f3n se lo cambia por un regalo.<\/p>\n\n\n\n<p>Se cre\u00f3 esta figura a finales del siglo XIX, se cree que fue en 1894 y su autor es el padre Luis Coloma Rold\u00e1n, fue un escritor, periodista, sacerdote y miembro destacado de la Compa\u00f1\u00eda de Jes\u00fas y miembro de la Real Academia de la Lengua Espa\u00f1ola desde 1908.<\/p>\n\n\n\n<p>Tambi\u00e9n escribi\u00f3 las novelas \u201cPeque\u00f1eces o \u201cJeromin\u201d, esta \u00faltima novela hace referencia a Don Juan de Austria, hijo ileg\u00edtimo del Rey Carlos I de Espa\u00f1a y V de Alemania. Jerom\u00edn se cri\u00f3 en Legan\u00e9s, Madrid y era devoto de La Virgen de Butarque.<\/p>\n\n\n\n<p>En Palacio le pidieron que escribiera un cuento para el Rey Alfonso XIII, que entonces ten\u00eda 8 a\u00f1os, porque se le cay\u00f3 un diente. El ni\u00f1o naci\u00f3 cuando su padre ya hab\u00eda muerto, fue un hijo p\u00f3stumo y el rey m\u00e1s joven que ha habido en la historia<\/p>\n\n\n\n<p>Al padre Luis se le ocurri\u00f3 la historia protagonizada por el rey Bubi. En este cuento se narra el maravilloso viaje que realiza el peque\u00f1o Bubi convertido en rat\u00f3n de la mano del Rat\u00f3n P\u00e9rez&nbsp; para que conociese como viv\u00edan sus peque\u00f1os s\u00fabditos, algunos muy pobres como el ni\u00f1o Gilito. Bubi aprendi\u00f3 valores como la valent\u00eda, el cuidado de sus s\u00fabditos y la generosidad.<\/p>\n\n\n\n<p>La primera edici\u00f3n de este cuento se edit\u00f3 en 1902 y se reedit\u00f3 en 1911. Su manuscrito se conserva desde 1894, en la biblioteca del Palacio Real. En la Biblioteca Nacional hay una edici\u00f3n de 1950 publicada en Wisconsin en Estados Unidos.&nbsp;Tambi\u00e9n se public\u00f3 en japon\u00e9s en 1953.<\/p>\n\n\n\n<p>Este cuento permiti\u00f3 fijar la tradici\u00f3n de regalar una moneda (de oro en el cuento) a cambio del diente que se dejaba bajo la almohada, no solo en Espa\u00f1a, sino tambi\u00e9n en la mayor parte de Hispanoam\u00e9rica.<\/p>\n\n\n\n<p>Desde esos tiempos el personaje se ha enriquecido con gran cantidad de relatos, cuentos y dibujos, ideados por los m\u00e1s diversos artistas y escritores, que lo han recreado y han hecho aumentar la magia y la ilusi\u00f3n de los peque\u00f1os. A los mayores tambi\u00e9n nos hace ilusi\u00f3n por el lado que nos toca.<\/p>\n\n\n\n<p>Tiene una casa Museo en la calle Arenal n\u00famero 8 . Este rat\u00f3n era peque\u00f1o, con sombrero de paja, lentes de oro, zapatos de lienzo y una cartera roja, terciada a la espalda.<\/p>\n\n\n\n<p>En 2003 se rindi\u00f3 un homenaje al Rat\u00f3n P\u00e9rez por parte del ayuntamiento de Madrid, con una placa conmemorativa instalada en el lugar donde indica el cuento que viv\u00eda el rat\u00f3n:<\/p>\n\n\n\n<p>Aqu\u00ed viv\u00eda, en una caja de galletas en la Confiter\u00eda Prast, en el n\u00famero 8 de la calle Arenal de Madrid, Rat\u00f3n P\u00e9rez seg\u00fan el cuento que el Padre Coloma escribi\u00f3 para el ni\u00f1o Rey Alfonso XIII.<\/p>\n\n\n\n<p>Por otro lado existe otra teor\u00eda, que la leyenda&nbsp; proviene del siglo XV. En \u00e9poca de crisis, la gente que viv\u00eda en el campo comenz\u00f3 a cazar ratas para com\u00e9rselas, por el hambre que hab\u00eda y porque pon\u00edan en riesgo las cosechas.<\/p>\n\n\n\n<p>Sabiendo que les gusta el queso, empezaron a arrancarse los amarillentos dientes u los pusieron como cebo, vieron que as\u00ed se quedaban sin sus dientes y decidieron coger los dientes de leche de los ni\u00f1os. Como recompensa recib\u00edan un regalito por parte de&nbsp; los mayores.<\/p>\n\n\n\n<p>En Espa\u00f1a y en la mayor parte de Hispanoam\u00e9rica es el Rat\u00f3n P\u00e9rez quien se ocupa de los dientes de leche de los ni\u00f1os. En Catalu\u00f1a&nbsp;tambien existe el cuento popular del Angelet (El Angelito), en el Pais Vasco, sobre todo en Vizcaya tambien hablamos de Maritxu Teilatukoa (Mari la del tejado) y en Cantabria&nbsp;de L\u00b4Esquilu de los dientis (La Ardilla de los dientes). Pero&nbsp;Ratoncito P\u00e9rez sigue siendo numero uno.<\/p>\n\n\n\n<p>En Bulgaria, se encargan las abuelas, en Noruega el diente se deja en un vaso y encontrar\u00e1 unas monedas al d\u00eda siguiente. En Suiza, Polonia, Per\u00fa, Venezuela y en la India son ratones an\u00f3nimos.<\/p>\n\n\n\n<p>En Francia se le llama ratoncito (la petite souris), en Italia Topolino o Topino (ratoncito) o Fatina (hadita). En los paises anglosajones es el Hada de los dientes (tooth Fairy). Su origen no est\u00e1 nada claro al ser a nivel mundial.<\/p>\n\n\n\n<p>Fuentes de informaci\u00f3n<\/p>\n\n\n\n<figure class=\"wp-block-embed\"><div class=\"wp-block-embed__wrapper\">\nhttp:\/\/cvc.cervantes.es\/actcult\/raton\/cuento.html\n<\/div><\/figure>\n\n\n\n<p>P\u00e1gina web Casa Museo del Ratoncito P\u00e9rez<\/p>\n\n\n\n<figure class=\"wp-block-embed\"><div class=\"wp-block-embed__wrapper\">\nhttp:\/\/www.casamuseoratonperez.es\n<\/div><\/figure>\n","protected":false},"excerpt":{"rendered":"<p>Es un personaje de leyenda popular. Cuando a un ni\u00f1o se le cae un diente lo pone bajo la almohada y mientras duerme este rat\u00f3n se lo cambia por un regalo. Se cre\u00f3 esta figura a finales del siglo XIX, se cree que fue en 1894 y su autor es el padre Luis Coloma Rold\u00e1n, fue un escritor, periodista, sacerdote y miembro destacado de la Compa\u00f1\u00eda de Jes\u00fas y miembro de la Real Academia de la Lengua Espa\u00f1ola desde 1908. Tambi\u00e9n escribi\u00f3 las novelas \u201cPeque\u00f1eces o \u201cJeromin\u201d, esta \u00faltima novela hace referencia a Don Juan de Austria, hijo ileg\u00edtimo del Rey Carlos I de Espa\u00f1a y V de Alemania. Jerom\u00edn se cri\u00f3 en Legan\u00e9s, Madrid y era devoto de La Virgen de Butarque. En Palacio le pidieron que escribiera un cuento para el Rey Alfonso XIII, que entonces ten\u00eda 8 a\u00f1os, porque se le cay\u00f3 un diente. El ni\u00f1o naci\u00f3 cuando su padre ya hab\u00eda muerto, fue un hijo p\u00f3stumo y el rey m\u00e1s joven que ha habido en la historia Al padre Luis se le ocurri\u00f3 la historia protagonizada por el rey Bubi. En este cuento se narra el maravilloso viaje que realiza el peque\u00f1o Bubi convertido en rat\u00f3n de la mano del Rat\u00f3n P\u00e9rez&nbsp; para que conociese como viv\u00edan sus peque\u00f1os s\u00fabditos, algunos muy pobres como el ni\u00f1o Gilito. Bubi aprendi\u00f3 valores como la valent\u00eda, el cuidado de sus s\u00fabditos y la generosidad. La primera edici\u00f3n de este cuento se edit\u00f3 en 1902 y se reedit\u00f3 en 1911. Su manuscrito se conserva desde 1894, en la biblioteca del Palacio Real. En la Biblioteca Nacional hay una edici\u00f3n de 1950 publicada en Wisconsin en Estados Unidos.&nbsp;Tambi\u00e9n se public\u00f3 en japon\u00e9s en 1953. Este cuento permiti\u00f3 fijar la tradici\u00f3n de regalar una moneda (de oro en el cuento) a cambio del diente que se dejaba bajo la almohada, no solo en Espa\u00f1a, sino tambi\u00e9n en la mayor parte de Hispanoam\u00e9rica. Desde esos tiempos el personaje se ha enriquecido con gran cantidad de relatos, cuentos y dibujos, ideados por los m\u00e1s diversos artistas y escritores, que lo han recreado y han hecho aumentar la magia y la ilusi\u00f3n de los peque\u00f1os. A los mayores tambi\u00e9n nos hace ilusi\u00f3n por el lado que nos toca. Tiene una casa Museo en la calle Arenal n\u00famero 8 . Este rat\u00f3n era peque\u00f1o, con sombrero de paja, lentes de oro, zapatos de lienzo y una cartera roja, terciada a la espalda. En 2003 se rindi\u00f3 un homenaje al Rat\u00f3n P\u00e9rez por parte del ayuntamiento de Madrid, con una placa conmemorativa instalada en el lugar donde indica el cuento que viv\u00eda el rat\u00f3n: Aqu\u00ed viv\u00eda, en una caja de galletas en la Confiter\u00eda Prast, en el n\u00famero 8 de la calle Arenal de Madrid, Rat\u00f3n P\u00e9rez seg\u00fan el cuento que el Padre Coloma escribi\u00f3 para el ni\u00f1o Rey Alfonso XIII. Por otro lado existe otra teor\u00eda, que la leyenda&nbsp; proviene del siglo XV. En \u00e9poca de crisis, la gente que viv\u00eda en el campo comenz\u00f3 a cazar ratas para com\u00e9rselas, por el hambre que hab\u00eda y porque pon\u00edan en riesgo las cosechas. Sabiendo que les gusta el queso, empezaron a arrancarse los amarillentos dientes u los pusieron como cebo, vieron que as\u00ed se quedaban sin sus dientes y decidieron coger los dientes de leche de los ni\u00f1os. Como recompensa recib\u00edan un regalito por parte de&nbsp; los mayores. En Espa\u00f1a y en la mayor parte de Hispanoam\u00e9rica es el Rat\u00f3n P\u00e9rez quien se ocupa de los dientes de leche de los ni\u00f1os. En Catalu\u00f1a&nbsp;tambien existe el cuento popular del Angelet (El Angelito), en el Pais Vasco, sobre todo en Vizcaya tambien hablamos de Maritxu Teilatukoa (Mari la del tejado) y en Cantabria&nbsp;de L\u00b4Esquilu de los dientis (La Ardilla de los dientes). Pero&nbsp;Ratoncito P\u00e9rez sigue siendo numero uno. En Bulgaria, se encargan las abuelas, en Noruega el diente se deja en un vaso y encontrar\u00e1 unas monedas al d\u00eda siguiente. En Suiza, Polonia, Per\u00fa, Venezuela y en la India son ratones an\u00f3nimos. En Francia se le llama ratoncito (la petite souris), en Italia Topolino o Topino (ratoncito) o Fatina (hadita). En los paises anglosajones es el Hada de los dientes (tooth Fairy). Su origen no est\u00e1 nada claro al ser a nivel mundial. Fuentes de informaci\u00f3n P\u00e1gina web Casa Museo del Ratoncito P\u00e9rez<\/p>\n","protected":false},"author":1,"featured_media":0,"parent":0,"menu_order":0,"comment_status":"closed","ping_status":"closed","template":"","meta":{"footnotes":""},"class_list":["post-601","page","type-page","status-publish","hentry"],"yoast_head":"<!-- This site is optimized with the Yoast SEO plugin v27.4 - https:\/\/yoast.com\/product\/yoast-seo-wordpress\/ -->\n<title>Historia del Ratoncito P\u00e9rez - QueKawaii<\/title>\n<meta name=\"robots\" content=\"index, follow, max-snippet:-1, max-image-preview:large, max-video-preview:-1\" \/>\n<link rel=\"canonical\" href=\"https:\/\/www.quekawaii.com\/?page_id=601\" \/>\n<meta property=\"og:locale\" content=\"es_ES\" \/>\n<meta property=\"og:type\" content=\"article\" \/>\n<meta property=\"og:title\" content=\"Historia del Ratoncito P\u00e9rez - QueKawaii\" \/>\n<meta property=\"og:description\" content=\"Es un personaje de leyenda popular. Cuando a un ni\u00f1o se le cae un diente lo pone bajo la almohada y mientras duerme este rat\u00f3n se lo cambia por un regalo. Se cre\u00f3 esta figura a finales del siglo XIX, se cree que fue en 1894 y su autor es el padre Luis Coloma Rold\u00e1n, fue un escritor, periodista, sacerdote y miembro destacado de la Compa\u00f1\u00eda de Jes\u00fas y miembro de la Real Academia de la Lengua Espa\u00f1ola desde 1908. Tambi\u00e9n escribi\u00f3 las novelas \u201cPeque\u00f1eces o \u201cJeromin\u201d, esta \u00faltima novela hace referencia a Don Juan de Austria, hijo ileg\u00edtimo del Rey Carlos I de Espa\u00f1a y V de Alemania. Jerom\u00edn se cri\u00f3 en Legan\u00e9s, Madrid y era devoto de La Virgen de Butarque. En Palacio le pidieron que escribiera un cuento para el Rey Alfonso XIII, que entonces ten\u00eda 8 a\u00f1os, porque se le cay\u00f3 un diente. El ni\u00f1o naci\u00f3 cuando su padre ya hab\u00eda muerto, fue un hijo p\u00f3stumo y el rey m\u00e1s joven que ha habido en la historia Al padre Luis se le ocurri\u00f3 la historia protagonizada por el rey Bubi. En este cuento se narra el maravilloso viaje que realiza el peque\u00f1o Bubi convertido en rat\u00f3n de la mano del Rat\u00f3n P\u00e9rez&nbsp; para que conociese como viv\u00edan sus peque\u00f1os s\u00fabditos, algunos muy pobres como el ni\u00f1o Gilito. Bubi aprendi\u00f3 valores como la valent\u00eda, el cuidado de sus s\u00fabditos y la generosidad. La primera edici\u00f3n de este cuento se edit\u00f3 en 1902 y se reedit\u00f3 en 1911. Su manuscrito se conserva desde 1894, en la biblioteca del Palacio Real. En la Biblioteca Nacional hay una edici\u00f3n de 1950 publicada en Wisconsin en Estados Unidos.&nbsp;Tambi\u00e9n se public\u00f3 en japon\u00e9s en 1953. Este cuento permiti\u00f3 fijar la tradici\u00f3n de regalar una moneda (de oro en el cuento) a cambio del diente que se dejaba bajo la almohada, no solo en Espa\u00f1a, sino tambi\u00e9n en la mayor parte de Hispanoam\u00e9rica. Desde esos tiempos el personaje se ha enriquecido con gran cantidad de relatos, cuentos y dibujos, ideados por los m\u00e1s diversos artistas y escritores, que lo han recreado y han hecho aumentar la magia y la ilusi\u00f3n de los peque\u00f1os. A los mayores tambi\u00e9n nos hace ilusi\u00f3n por el lado que nos toca. Tiene una casa Museo en la calle Arenal n\u00famero 8 . Este rat\u00f3n era peque\u00f1o, con sombrero de paja, lentes de oro, zapatos de lienzo y una cartera roja, terciada a la espalda. En 2003 se rindi\u00f3 un homenaje al Rat\u00f3n P\u00e9rez por parte del ayuntamiento de Madrid, con una placa conmemorativa instalada en el lugar donde indica el cuento que viv\u00eda el rat\u00f3n: Aqu\u00ed viv\u00eda, en una caja de galletas en la Confiter\u00eda Prast, en el n\u00famero 8 de la calle Arenal de Madrid, Rat\u00f3n P\u00e9rez seg\u00fan el cuento que el Padre Coloma escribi\u00f3 para el ni\u00f1o Rey Alfonso XIII. Por otro lado existe otra teor\u00eda, que la leyenda&nbsp; proviene del siglo XV. En \u00e9poca de crisis, la gente que viv\u00eda en el campo comenz\u00f3 a cazar ratas para com\u00e9rselas, por el hambre que hab\u00eda y porque pon\u00edan en riesgo las cosechas. Sabiendo que les gusta el queso, empezaron a arrancarse los amarillentos dientes u los pusieron como cebo, vieron que as\u00ed se quedaban sin sus dientes y decidieron coger los dientes de leche de los ni\u00f1os. Como recompensa recib\u00edan un regalito por parte de&nbsp; los mayores. En Espa\u00f1a y en la mayor parte de Hispanoam\u00e9rica es el Rat\u00f3n P\u00e9rez quien se ocupa de los dientes de leche de los ni\u00f1os. En Catalu\u00f1a&nbsp;tambien existe el cuento popular del Angelet (El Angelito), en el Pais Vasco, sobre todo en Vizcaya tambien hablamos de Maritxu Teilatukoa (Mari la del tejado) y en Cantabria&nbsp;de L\u00b4Esquilu de los dientis (La Ardilla de los dientes). Pero&nbsp;Ratoncito P\u00e9rez sigue siendo numero uno. En Bulgaria, se encargan las abuelas, en Noruega el diente se deja en un vaso y encontrar\u00e1 unas monedas al d\u00eda siguiente. En Suiza, Polonia, Per\u00fa, Venezuela y en la India son ratones an\u00f3nimos. En Francia se le llama ratoncito (la petite souris), en Italia Topolino o Topino (ratoncito) o Fatina (hadita). En los paises anglosajones es el Hada de los dientes (tooth Fairy). Su origen no est\u00e1 nada claro al ser a nivel mundial. Fuentes de informaci\u00f3n P\u00e1gina web Casa Museo del Ratoncito P\u00e9rez\" \/>\n<meta property=\"og:url\" content=\"https:\/\/www.quekawaii.com\/?page_id=601\" \/>\n<meta property=\"og:site_name\" content=\"QueKawaii\" \/>\n<meta property=\"article:modified_time\" content=\"2020-11-17T09:09:41+00:00\" \/>\n<meta property=\"og:image\" content=\"https:\/\/www.quekawaii.com\/wp-content\/uploads\/2020\/03\/ratolinet-npg-1-e1586801596254.jpg\" \/>\n<meta name=\"twitter:card\" content=\"summary_large_image\" \/>\n<meta name=\"twitter:label1\" content=\"Tiempo de lectura\" \/>\n\t<meta name=\"twitter:data1\" content=\"4 minutos\" \/>\n<script type=\"application\/ld+json\" class=\"yoast-schema-graph\">{\"@context\":\"https:\\\/\\\/schema.org\",\"@graph\":[{\"@type\":\"WebPage\",\"@id\":\"https:\\\/\\\/www.quekawaii.com\\\/?page_id=601\",\"url\":\"https:\\\/\\\/www.quekawaii.com\\\/?page_id=601\",\"name\":\"Historia del Ratoncito P\u00e9rez - QueKawaii\",\"isPartOf\":{\"@id\":\"https:\\\/\\\/www.quekawaii.com\\\/#website\"},\"primaryImageOfPage\":{\"@id\":\"https:\\\/\\\/www.quekawaii.com\\\/?page_id=601#primaryimage\"},\"image\":{\"@id\":\"https:\\\/\\\/www.quekawaii.com\\\/?page_id=601#primaryimage\"},\"thumbnailUrl\":\"https:\\\/\\\/www.quekawaii.com\\\/wp-content\\\/uploads\\\/2020\\\/03\\\/ratolinet-npg-1-e1586801596254.jpg\",\"datePublished\":\"2020-09-27T18:17:27+00:00\",\"dateModified\":\"2020-11-17T09:09:41+00:00\",\"breadcrumb\":{\"@id\":\"https:\\\/\\\/www.quekawaii.com\\\/?page_id=601#breadcrumb\"},\"inLanguage\":\"es\",\"potentialAction\":[{\"@type\":\"ReadAction\",\"target\":[\"https:\\\/\\\/www.quekawaii.com\\\/?page_id=601\"]}]},{\"@type\":\"ImageObject\",\"inLanguage\":\"es\",\"@id\":\"https:\\\/\\\/www.quekawaii.com\\\/?page_id=601#primaryimage\",\"url\":\"https:\\\/\\\/www.quekawaii.com\\\/wp-content\\\/uploads\\\/2020\\\/03\\\/ratolinet-npg-1-e1586801596254.jpg\",\"contentUrl\":\"https:\\\/\\\/www.quekawaii.com\\\/wp-content\\\/uploads\\\/2020\\\/03\\\/ratolinet-npg-1-e1586801596254.jpg\",\"width\":935,\"height\":893,\"caption\":\"Vinilo ratoncito\"},{\"@type\":\"BreadcrumbList\",\"@id\":\"https:\\\/\\\/www.quekawaii.com\\\/?page_id=601#breadcrumb\",\"itemListElement\":[{\"@type\":\"ListItem\",\"position\":1,\"name\":\"Portada\",\"item\":\"https:\\\/\\\/www.quekawaii.com\\\/\"},{\"@type\":\"ListItem\",\"position\":2,\"name\":\"Historia del Ratoncito P\u00e9rez\"}]},{\"@type\":\"WebSite\",\"@id\":\"https:\\\/\\\/www.quekawaii.com\\\/#website\",\"url\":\"https:\\\/\\\/www.quekawaii.com\\\/\",\"name\":\"QueKawaii\",\"description\":\"\",\"potentialAction\":[{\"@type\":\"SearchAction\",\"target\":{\"@type\":\"EntryPoint\",\"urlTemplate\":\"https:\\\/\\\/www.quekawaii.com\\\/?s={search_term_string}\"},\"query-input\":{\"@type\":\"PropertyValueSpecification\",\"valueRequired\":true,\"valueName\":\"search_term_string\"}}],\"inLanguage\":\"es\"}]}<\/script>\n<!-- \/ Yoast SEO plugin. -->","yoast_head_json":{"title":"Historia del Ratoncito P\u00e9rez - QueKawaii","robots":{"index":"index","follow":"follow","max-snippet":"max-snippet:-1","max-image-preview":"max-image-preview:large","max-video-preview":"max-video-preview:-1"},"canonical":"https:\/\/www.quekawaii.com\/?page_id=601","og_locale":"es_ES","og_type":"article","og_title":"Historia del Ratoncito P\u00e9rez - QueKawaii","og_description":"Es un personaje de leyenda popular. Cuando a un ni\u00f1o se le cae un diente lo pone bajo la almohada y mientras duerme este rat\u00f3n se lo cambia por un regalo. Se cre\u00f3 esta figura a finales del siglo XIX, se cree que fue en 1894 y su autor es el padre Luis Coloma Rold\u00e1n, fue un escritor, periodista, sacerdote y miembro destacado de la Compa\u00f1\u00eda de Jes\u00fas y miembro de la Real Academia de la Lengua Espa\u00f1ola desde 1908. Tambi\u00e9n escribi\u00f3 las novelas \u201cPeque\u00f1eces o \u201cJeromin\u201d, esta \u00faltima novela hace referencia a Don Juan de Austria, hijo ileg\u00edtimo del Rey Carlos I de Espa\u00f1a y V de Alemania. Jerom\u00edn se cri\u00f3 en Legan\u00e9s, Madrid y era devoto de La Virgen de Butarque. En Palacio le pidieron que escribiera un cuento para el Rey Alfonso XIII, que entonces ten\u00eda 8 a\u00f1os, porque se le cay\u00f3 un diente. El ni\u00f1o naci\u00f3 cuando su padre ya hab\u00eda muerto, fue un hijo p\u00f3stumo y el rey m\u00e1s joven que ha habido en la historia Al padre Luis se le ocurri\u00f3 la historia protagonizada por el rey Bubi. En este cuento se narra el maravilloso viaje que realiza el peque\u00f1o Bubi convertido en rat\u00f3n de la mano del Rat\u00f3n P\u00e9rez&nbsp; para que conociese como viv\u00edan sus peque\u00f1os s\u00fabditos, algunos muy pobres como el ni\u00f1o Gilito. Bubi aprendi\u00f3 valores como la valent\u00eda, el cuidado de sus s\u00fabditos y la generosidad. La primera edici\u00f3n de este cuento se edit\u00f3 en 1902 y se reedit\u00f3 en 1911. Su manuscrito se conserva desde 1894, en la biblioteca del Palacio Real. En la Biblioteca Nacional hay una edici\u00f3n de 1950 publicada en Wisconsin en Estados Unidos.&nbsp;Tambi\u00e9n se public\u00f3 en japon\u00e9s en 1953. Este cuento permiti\u00f3 fijar la tradici\u00f3n de regalar una moneda (de oro en el cuento) a cambio del diente que se dejaba bajo la almohada, no solo en Espa\u00f1a, sino tambi\u00e9n en la mayor parte de Hispanoam\u00e9rica. Desde esos tiempos el personaje se ha enriquecido con gran cantidad de relatos, cuentos y dibujos, ideados por los m\u00e1s diversos artistas y escritores, que lo han recreado y han hecho aumentar la magia y la ilusi\u00f3n de los peque\u00f1os. A los mayores tambi\u00e9n nos hace ilusi\u00f3n por el lado que nos toca. Tiene una casa Museo en la calle Arenal n\u00famero 8 . Este rat\u00f3n era peque\u00f1o, con sombrero de paja, lentes de oro, zapatos de lienzo y una cartera roja, terciada a la espalda. En 2003 se rindi\u00f3 un homenaje al Rat\u00f3n P\u00e9rez por parte del ayuntamiento de Madrid, con una placa conmemorativa instalada en el lugar donde indica el cuento que viv\u00eda el rat\u00f3n: Aqu\u00ed viv\u00eda, en una caja de galletas en la Confiter\u00eda Prast, en el n\u00famero 8 de la calle Arenal de Madrid, Rat\u00f3n P\u00e9rez seg\u00fan el cuento que el Padre Coloma escribi\u00f3 para el ni\u00f1o Rey Alfonso XIII. Por otro lado existe otra teor\u00eda, que la leyenda&nbsp; proviene del siglo XV. En \u00e9poca de crisis, la gente que viv\u00eda en el campo comenz\u00f3 a cazar ratas para com\u00e9rselas, por el hambre que hab\u00eda y porque pon\u00edan en riesgo las cosechas. Sabiendo que les gusta el queso, empezaron a arrancarse los amarillentos dientes u los pusieron como cebo, vieron que as\u00ed se quedaban sin sus dientes y decidieron coger los dientes de leche de los ni\u00f1os. Como recompensa recib\u00edan un regalito por parte de&nbsp; los mayores. En Espa\u00f1a y en la mayor parte de Hispanoam\u00e9rica es el Rat\u00f3n P\u00e9rez quien se ocupa de los dientes de leche de los ni\u00f1os. En Catalu\u00f1a&nbsp;tambien existe el cuento popular del Angelet (El Angelito), en el Pais Vasco, sobre todo en Vizcaya tambien hablamos de Maritxu Teilatukoa (Mari la del tejado) y en Cantabria&nbsp;de L\u00b4Esquilu de los dientis (La Ardilla de los dientes). Pero&nbsp;Ratoncito P\u00e9rez sigue siendo numero uno. En Bulgaria, se encargan las abuelas, en Noruega el diente se deja en un vaso y encontrar\u00e1 unas monedas al d\u00eda siguiente. En Suiza, Polonia, Per\u00fa, Venezuela y en la India son ratones an\u00f3nimos. En Francia se le llama ratoncito (la petite souris), en Italia Topolino o Topino (ratoncito) o Fatina (hadita). En los paises anglosajones es el Hada de los dientes (tooth Fairy). Su origen no est\u00e1 nada claro al ser a nivel mundial. Fuentes de informaci\u00f3n P\u00e1gina web Casa Museo del Ratoncito P\u00e9rez","og_url":"https:\/\/www.quekawaii.com\/?page_id=601","og_site_name":"QueKawaii","article_modified_time":"2020-11-17T09:09:41+00:00","og_image":[{"url":"https:\/\/www.quekawaii.com\/wp-content\/uploads\/2020\/03\/ratolinet-npg-1-e1586801596254.jpg","type":"","width":"","height":""}],"twitter_card":"summary_large_image","twitter_misc":{"Tiempo de lectura":"4 minutos"},"schema":{"@context":"https:\/\/schema.org","@graph":[{"@type":"WebPage","@id":"https:\/\/www.quekawaii.com\/?page_id=601","url":"https:\/\/www.quekawaii.com\/?page_id=601","name":"Historia del Ratoncito P\u00e9rez - QueKawaii","isPartOf":{"@id":"https:\/\/www.quekawaii.com\/#website"},"primaryImageOfPage":{"@id":"https:\/\/www.quekawaii.com\/?page_id=601#primaryimage"},"image":{"@id":"https:\/\/www.quekawaii.com\/?page_id=601#primaryimage"},"thumbnailUrl":"https:\/\/www.quekawaii.com\/wp-content\/uploads\/2020\/03\/ratolinet-npg-1-e1586801596254.jpg","datePublished":"2020-09-27T18:17:27+00:00","dateModified":"2020-11-17T09:09:41+00:00","breadcrumb":{"@id":"https:\/\/www.quekawaii.com\/?page_id=601#breadcrumb"},"inLanguage":"es","potentialAction":[{"@type":"ReadAction","target":["https:\/\/www.quekawaii.com\/?page_id=601"]}]},{"@type":"ImageObject","inLanguage":"es","@id":"https:\/\/www.quekawaii.com\/?page_id=601#primaryimage","url":"https:\/\/www.quekawaii.com\/wp-content\/uploads\/2020\/03\/ratolinet-npg-1-e1586801596254.jpg","contentUrl":"https:\/\/www.quekawaii.com\/wp-content\/uploads\/2020\/03\/ratolinet-npg-1-e1586801596254.jpg","width":935,"height":893,"caption":"Vinilo ratoncito"},{"@type":"BreadcrumbList","@id":"https:\/\/www.quekawaii.com\/?page_id=601#breadcrumb","itemListElement":[{"@type":"ListItem","position":1,"name":"Portada","item":"https:\/\/www.quekawaii.com\/"},{"@type":"ListItem","position":2,"name":"Historia del Ratoncito P\u00e9rez"}]},{"@type":"WebSite","@id":"https:\/\/www.quekawaii.com\/#website","url":"https:\/\/www.quekawaii.com\/","name":"QueKawaii","description":"","potentialAction":[{"@type":"SearchAction","target":{"@type":"EntryPoint","urlTemplate":"https:\/\/www.quekawaii.com\/?s={search_term_string}"},"query-input":{"@type":"PropertyValueSpecification","valueRequired":true,"valueName":"search_term_string"}}],"inLanguage":"es"}]}},"_links":{"self":[{"href":"https:\/\/www.quekawaii.com\/index.php?rest_route=\/wp\/v2\/pages\/601","targetHints":{"allow":["GET"]}}],"collection":[{"href":"https:\/\/www.quekawaii.com\/index.php?rest_route=\/wp\/v2\/pages"}],"about":[{"href":"https:\/\/www.quekawaii.com\/index.php?rest_route=\/wp\/v2\/types\/page"}],"author":[{"embeddable":true,"href":"https:\/\/www.quekawaii.com\/index.php?rest_route=\/wp\/v2\/users\/1"}],"replies":[{"embeddable":true,"href":"https:\/\/www.quekawaii.com\/index.php?rest_route=%2Fwp%2Fv2%2Fcomments&post=601"}],"version-history":[{"count":2,"href":"https:\/\/www.quekawaii.com\/index.php?rest_route=\/wp\/v2\/pages\/601\/revisions"}],"predecessor-version":[{"id":727,"href":"https:\/\/www.quekawaii.com\/index.php?rest_route=\/wp\/v2\/pages\/601\/revisions\/727"}],"wp:attachment":[{"href":"https:\/\/www.quekawaii.com\/index.php?rest_route=%2Fwp%2Fv2%2Fmedia&parent=601"}],"curies":[{"name":"wp","href":"https:\/\/api.w.org\/{rel}","templated":true}]}}