{"id":767,"date":"2020-12-06T09:34:29","date_gmt":"2020-12-06T09:34:29","guid":{"rendered":"https:\/\/www.quekawaii.com\/?page_id=767"},"modified":"2020-12-06T10:44:01","modified_gmt":"2020-12-06T10:44:01","slug":"envio-y-devoluciones","status":"publish","type":"page","link":"https:\/\/www.quekawaii.com\/?page_id=767","title":{"rendered":"Env\u00edo y devoluciones"},"content":{"rendered":"\n<p><strong>POL\u00cdTICA DE ENV\u00cdOS:<\/strong><\/p>\n\n\n\n<p>Los env\u00edos a Pen\u00ednsula, Baleares y Canarias:<\/p>\n\n\n\n<ul class=\"wp-block-list\"><li>PLAZOS DE ENTREGA<ul><li>El plazo medio es de 24h a 48h en pen\u00ednsula y Baleares y de 48h a 96h en Canarias (salvo retraso por aduanas) para productos en stock (en todo momento puedes hacer seguimiento del pedido)<\/li><\/ul><\/li><li>ENTREGAS<ul><li>De Lunes a Viernes (NO se hacen entregas los s\u00e1bados, domingos, festivos nacionales, auton\u00f3micos o locales)<\/li><\/ul><\/li><li>IMPORTE:<ul><li>3,95\u20ac para pedidos inferiores a 55\u20ac en pen\u00ednsula y 7,95\u20ac para Canarias y Baleares<\/li><li>GRATIS para pedidos superiores a 55\u20ac en pen\u00ednsula y para Canarias y Baleares consultar.<\/li><\/ul><\/li><li>Otros destinos:<ul><li>Consultar para cada producto o productos seleccionados.<\/li><\/ul><\/li><\/ul>\n\n\n\n<p><strong>POL\u00cdTICA DE DEVOLUCIONES:<\/strong><\/p>\n\n\n\n<p>En QueKawaii respondemos por nuestros productos y con gusto aceptaremos devoluciones seg\u00fan las siguientes condiciones:<\/p>\n\n\n\n<p>Si la causa de la devoluci\u00f3n es por da\u00f1o o mal estado del producto que se haya recibido, la empresa aceptar\u00e1 la devoluci\u00f3n y la sustituci\u00f3n de los productos en mal estado por otros en estado nuevo, sin ning\u00fan coste adicional.<\/p>\n\n\n\n<p>Antes de devolver cualquier producto a la empresa por cualquier raz\u00f3n, el cliente debe contactar con la empresa y solicitar un n\u00famero de autorizaci\u00f3n de devoluci\u00f3n o RMA. Todos los productos se devolver\u00e1n a riesgo del cliente que debe pagar los costes de devoluci\u00f3n, no deber\u00e1n estar da\u00f1ados y deber\u00e1n estar en su embalaje original. El cliente es responsable de devolver los productos a la empresa y de conservar una prueba de dicha devoluci\u00f3n.<\/p>\n\n\n\n<p>La empresa tiene un pol\u00edtica de devoluciones de 15 d\u00edas&nbsp;. Para que la devoluci\u00f3n sea aceptada, nuestra empresa deber\u00e1 recibir los productos dentro de los 15 d\u00edas&nbsp; siguientes a la fecha de despacho.<\/p>\n\n\n\n<ul class=\"wp-block-list\"><li>Tras recibir el n\u00famero de autorizaci\u00f3n de devoluci\u00f3n, el cliente deber\u00e1 devolver los productos seg\u00fan las instrucciones recibidas, indicando claramente en el exterior del paquete el n\u00famero de autorizaci\u00f3n de devoluci\u00f3n o RMA, el n\u00famero de Cuenta Cliente y el n\u00famero del pedido.<\/li><li>Cualquier producto que sea devuelto despu\u00e9s de 15 d\u00edas&nbsp; como \u00abno deseado\u00bb o \u00abpedido por error\u00bb podr\u00e1 ser aceptado a discreci\u00f3n de la empresa.<\/li><\/ul>\n","protected":false},"excerpt":{"rendered":"<p>POL\u00cdTICA DE ENV\u00cdOS: Los env\u00edos a Pen\u00ednsula, Baleares y Canarias: PLAZOS DE ENTREGA El plazo medio es de 24h a 48h en pen\u00ednsula y Baleares y de 48h a 96h en Canarias (salvo retraso por aduanas) para productos en stock (en todo momento puedes hacer seguimiento del pedido) ENTREGAS De Lunes a Viernes (NO se hacen entregas los s\u00e1bados, domingos, festivos nacionales, auton\u00f3micos o locales) IMPORTE: 3,95\u20ac para pedidos inferiores a 55\u20ac en pen\u00ednsula y 7,95\u20ac para Canarias y Baleares GRATIS para pedidos superiores a 55\u20ac en pen\u00ednsula y para Canarias y Baleares consultar. Otros destinos: Consultar para cada producto o productos seleccionados. POL\u00cdTICA DE DEVOLUCIONES: En QueKawaii respondemos por nuestros productos y con gusto aceptaremos devoluciones seg\u00fan las siguientes condiciones: Si la causa de la devoluci\u00f3n es por da\u00f1o o mal estado del producto que se haya recibido, la empresa aceptar\u00e1 la devoluci\u00f3n y la sustituci\u00f3n de los productos en mal estado por otros en estado nuevo, sin ning\u00fan coste adicional. Antes de devolver cualquier producto a la empresa por cualquier raz\u00f3n, el cliente debe contactar con la empresa y solicitar un n\u00famero de autorizaci\u00f3n de devoluci\u00f3n o RMA. Todos los productos se devolver\u00e1n a riesgo del cliente que debe pagar los costes de devoluci\u00f3n, no deber\u00e1n estar da\u00f1ados y deber\u00e1n estar en su embalaje original. El cliente es responsable de devolver los productos a la empresa y de conservar una prueba de dicha devoluci\u00f3n. La empresa tiene un pol\u00edtica de devoluciones de 15 d\u00edas&nbsp;. Para que la devoluci\u00f3n sea aceptada, nuestra empresa deber\u00e1 recibir los productos dentro de los 15 d\u00edas&nbsp; siguientes a la fecha de despacho. Tras recibir el n\u00famero de autorizaci\u00f3n de devoluci\u00f3n, el cliente deber\u00e1 devolver los productos seg\u00fan las instrucciones recibidas, indicando claramente en el exterior del paquete el n\u00famero de autorizaci\u00f3n de devoluci\u00f3n o RMA, el n\u00famero de Cuenta Cliente y el n\u00famero del pedido. Cualquier producto que sea devuelto despu\u00e9s de 15 d\u00edas&nbsp; como \u00abno deseado\u00bb o \u00abpedido por error\u00bb podr\u00e1 ser aceptado a discreci\u00f3n de la empresa.<\/p>\n","protected":false},"author":1,"featured_media":0,"parent":0,"menu_order":0,"comment_status":"closed","ping_status":"closed","template":"","meta":{"footnotes":""},"class_list":["post-767","page","type-page","status-publish","hentry"],"yoast_head":"<!-- This site is optimized with the Yoast SEO plugin v27.3 - https:\/\/yoast.com\/product\/yoast-seo-wordpress\/ -->\n<title>Env\u00edo y devoluciones - QueKawaii<\/title>\n<meta name=\"robots\" content=\"index, follow, max-snippet:-1, max-image-preview:large, max-video-preview:-1\" \/>\n<link rel=\"canonical\" href=\"https:\/\/www.quekawaii.com\/?page_id=767\" \/>\n<meta property=\"og:locale\" content=\"es_ES\" \/>\n<meta property=\"og:type\" content=\"article\" \/>\n<meta property=\"og:title\" content=\"Env\u00edo y devoluciones - QueKawaii\" \/>\n<meta property=\"og:description\" content=\"POL\u00cdTICA DE ENV\u00cdOS: Los env\u00edos a Pen\u00ednsula, Baleares y Canarias: PLAZOS DE ENTREGA El plazo medio es de 24h a 48h en pen\u00ednsula y Baleares y de 48h a 96h en Canarias (salvo retraso por aduanas) para productos en stock (en todo momento puedes hacer seguimiento del pedido) ENTREGAS De Lunes a Viernes (NO se hacen entregas los s\u00e1bados, domingos, festivos nacionales, auton\u00f3micos o locales) IMPORTE: 3,95\u20ac para pedidos inferiores a 55\u20ac en pen\u00ednsula y 7,95\u20ac para Canarias y Baleares GRATIS para pedidos superiores a 55\u20ac en pen\u00ednsula y para Canarias y Baleares consultar. Otros destinos: Consultar para cada producto o productos seleccionados. POL\u00cdTICA DE DEVOLUCIONES: En QueKawaii respondemos por nuestros productos y con gusto aceptaremos devoluciones seg\u00fan las siguientes condiciones: Si la causa de la devoluci\u00f3n es por da\u00f1o o mal estado del producto que se haya recibido, la empresa aceptar\u00e1 la devoluci\u00f3n y la sustituci\u00f3n de los productos en mal estado por otros en estado nuevo, sin ning\u00fan coste adicional. Antes de devolver cualquier producto a la empresa por cualquier raz\u00f3n, el cliente debe contactar con la empresa y solicitar un n\u00famero de autorizaci\u00f3n de devoluci\u00f3n o RMA. Todos los productos se devolver\u00e1n a riesgo del cliente que debe pagar los costes de devoluci\u00f3n, no deber\u00e1n estar da\u00f1ados y deber\u00e1n estar en su embalaje original. El cliente es responsable de devolver los productos a la empresa y de conservar una prueba de dicha devoluci\u00f3n. La empresa tiene un pol\u00edtica de devoluciones de 15 d\u00edas&nbsp;. Para que la devoluci\u00f3n sea aceptada, nuestra empresa deber\u00e1 recibir los productos dentro de los 15 d\u00edas&nbsp; siguientes a la fecha de despacho. Tras recibir el n\u00famero de autorizaci\u00f3n de devoluci\u00f3n, el cliente deber\u00e1 devolver los productos seg\u00fan las instrucciones recibidas, indicando claramente en el exterior del paquete el n\u00famero de autorizaci\u00f3n de devoluci\u00f3n o RMA, el n\u00famero de Cuenta Cliente y el n\u00famero del pedido. Cualquier producto que sea devuelto despu\u00e9s de 15 d\u00edas&nbsp; como \u00abno deseado\u00bb o \u00abpedido por error\u00bb podr\u00e1 ser aceptado a discreci\u00f3n de la empresa.\" \/>\n<meta property=\"og:url\" content=\"https:\/\/www.quekawaii.com\/?page_id=767\" \/>\n<meta property=\"og:site_name\" content=\"QueKawaii\" \/>\n<meta property=\"article:modified_time\" content=\"2020-12-06T10:44:01+00:00\" \/>\n<meta name=\"twitter:card\" content=\"summary_large_image\" \/>\n<meta name=\"twitter:label1\" content=\"Tiempo de lectura\" \/>\n\t<meta name=\"twitter:data1\" content=\"2 minutos\" \/>\n<script type=\"application\/ld+json\" class=\"yoast-schema-graph\">{\"@context\":\"https:\\\/\\\/schema.org\",\"@graph\":[{\"@type\":\"WebPage\",\"@id\":\"https:\\\/\\\/www.quekawaii.com\\\/?page_id=767\",\"url\":\"https:\\\/\\\/www.quekawaii.com\\\/?page_id=767\",\"name\":\"Env\u00edo y devoluciones - QueKawaii\",\"isPartOf\":{\"@id\":\"https:\\\/\\\/www.quekawaii.com\\\/#website\"},\"datePublished\":\"2020-12-06T09:34:29+00:00\",\"dateModified\":\"2020-12-06T10:44:01+00:00\",\"breadcrumb\":{\"@id\":\"https:\\\/\\\/www.quekawaii.com\\\/?page_id=767#breadcrumb\"},\"inLanguage\":\"es\",\"potentialAction\":[{\"@type\":\"ReadAction\",\"target\":[\"https:\\\/\\\/www.quekawaii.com\\\/?page_id=767\"]}]},{\"@type\":\"BreadcrumbList\",\"@id\":\"https:\\\/\\\/www.quekawaii.com\\\/?page_id=767#breadcrumb\",\"itemListElement\":[{\"@type\":\"ListItem\",\"position\":1,\"name\":\"Portada\",\"item\":\"https:\\\/\\\/www.quekawaii.com\\\/\"},{\"@type\":\"ListItem\",\"position\":2,\"name\":\"Env\u00edo y devoluciones\"}]},{\"@type\":\"WebSite\",\"@id\":\"https:\\\/\\\/www.quekawaii.com\\\/#website\",\"url\":\"https:\\\/\\\/www.quekawaii.com\\\/\",\"name\":\"QueKawaii\",\"description\":\"\",\"potentialAction\":[{\"@type\":\"SearchAction\",\"target\":{\"@type\":\"EntryPoint\",\"urlTemplate\":\"https:\\\/\\\/www.quekawaii.com\\\/?s={search_term_string}\"},\"query-input\":{\"@type\":\"PropertyValueSpecification\",\"valueRequired\":true,\"valueName\":\"search_term_string\"}}],\"inLanguage\":\"es\"}]}<\/script>\n<!-- \/ Yoast SEO plugin. -->","yoast_head_json":{"title":"Env\u00edo y devoluciones - QueKawaii","robots":{"index":"index","follow":"follow","max-snippet":"max-snippet:-1","max-image-preview":"max-image-preview:large","max-video-preview":"max-video-preview:-1"},"canonical":"https:\/\/www.quekawaii.com\/?page_id=767","og_locale":"es_ES","og_type":"article","og_title":"Env\u00edo y devoluciones - QueKawaii","og_description":"POL\u00cdTICA DE ENV\u00cdOS: Los env\u00edos a Pen\u00ednsula, Baleares y Canarias: PLAZOS DE ENTREGA El plazo medio es de 24h a 48h en pen\u00ednsula y Baleares y de 48h a 96h en Canarias (salvo retraso por aduanas) para productos en stock (en todo momento puedes hacer seguimiento del pedido) ENTREGAS De Lunes a Viernes (NO se hacen entregas los s\u00e1bados, domingos, festivos nacionales, auton\u00f3micos o locales) IMPORTE: 3,95\u20ac para pedidos inferiores a 55\u20ac en pen\u00ednsula y 7,95\u20ac para Canarias y Baleares GRATIS para pedidos superiores a 55\u20ac en pen\u00ednsula y para Canarias y Baleares consultar. Otros destinos: Consultar para cada producto o productos seleccionados. POL\u00cdTICA DE DEVOLUCIONES: En QueKawaii respondemos por nuestros productos y con gusto aceptaremos devoluciones seg\u00fan las siguientes condiciones: Si la causa de la devoluci\u00f3n es por da\u00f1o o mal estado del producto que se haya recibido, la empresa aceptar\u00e1 la devoluci\u00f3n y la sustituci\u00f3n de los productos en mal estado por otros en estado nuevo, sin ning\u00fan coste adicional. Antes de devolver cualquier producto a la empresa por cualquier raz\u00f3n, el cliente debe contactar con la empresa y solicitar un n\u00famero de autorizaci\u00f3n de devoluci\u00f3n o RMA. Todos los productos se devolver\u00e1n a riesgo del cliente que debe pagar los costes de devoluci\u00f3n, no deber\u00e1n estar da\u00f1ados y deber\u00e1n estar en su embalaje original. El cliente es responsable de devolver los productos a la empresa y de conservar una prueba de dicha devoluci\u00f3n. La empresa tiene un pol\u00edtica de devoluciones de 15 d\u00edas&nbsp;. Para que la devoluci\u00f3n sea aceptada, nuestra empresa deber\u00e1 recibir los productos dentro de los 15 d\u00edas&nbsp; siguientes a la fecha de despacho. Tras recibir el n\u00famero de autorizaci\u00f3n de devoluci\u00f3n, el cliente deber\u00e1 devolver los productos seg\u00fan las instrucciones recibidas, indicando claramente en el exterior del paquete el n\u00famero de autorizaci\u00f3n de devoluci\u00f3n o RMA, el n\u00famero de Cuenta Cliente y el n\u00famero del pedido. Cualquier producto que sea devuelto despu\u00e9s de 15 d\u00edas&nbsp; como \u00abno deseado\u00bb o \u00abpedido por error\u00bb podr\u00e1 ser aceptado a discreci\u00f3n de la empresa.","og_url":"https:\/\/www.quekawaii.com\/?page_id=767","og_site_name":"QueKawaii","article_modified_time":"2020-12-06T10:44:01+00:00","twitter_card":"summary_large_image","twitter_misc":{"Tiempo de lectura":"2 minutos"},"schema":{"@context":"https:\/\/schema.org","@graph":[{"@type":"WebPage","@id":"https:\/\/www.quekawaii.com\/?page_id=767","url":"https:\/\/www.quekawaii.com\/?page_id=767","name":"Env\u00edo y devoluciones - QueKawaii","isPartOf":{"@id":"https:\/\/www.quekawaii.com\/#website"},"datePublished":"2020-12-06T09:34:29+00:00","dateModified":"2020-12-06T10:44:01+00:00","breadcrumb":{"@id":"https:\/\/www.quekawaii.com\/?page_id=767#breadcrumb"},"inLanguage":"es","potentialAction":[{"@type":"ReadAction","target":["https:\/\/www.quekawaii.com\/?page_id=767"]}]},{"@type":"BreadcrumbList","@id":"https:\/\/www.quekawaii.com\/?page_id=767#breadcrumb","itemListElement":[{"@type":"ListItem","position":1,"name":"Portada","item":"https:\/\/www.quekawaii.com\/"},{"@type":"ListItem","position":2,"name":"Env\u00edo y devoluciones"}]},{"@type":"WebSite","@id":"https:\/\/www.quekawaii.com\/#website","url":"https:\/\/www.quekawaii.com\/","name":"QueKawaii","description":"","potentialAction":[{"@type":"SearchAction","target":{"@type":"EntryPoint","urlTemplate":"https:\/\/www.quekawaii.com\/?s={search_term_string}"},"query-input":{"@type":"PropertyValueSpecification","valueRequired":true,"valueName":"search_term_string"}}],"inLanguage":"es"}]}},"_links":{"self":[{"href":"https:\/\/www.quekawaii.com\/index.php?rest_route=\/wp\/v2\/pages\/767","targetHints":{"allow":["GET"]}}],"collection":[{"href":"https:\/\/www.quekawaii.com\/index.php?rest_route=\/wp\/v2\/pages"}],"about":[{"href":"https:\/\/www.quekawaii.com\/index.php?rest_route=\/wp\/v2\/types\/page"}],"author":[{"embeddable":true,"href":"https:\/\/www.quekawaii.com\/index.php?rest_route=\/wp\/v2\/users\/1"}],"replies":[{"embeddable":true,"href":"https:\/\/www.quekawaii.com\/index.php?rest_route=%2Fwp%2Fv2%2Fcomments&post=767"}],"version-history":[{"count":3,"href":"https:\/\/www.quekawaii.com\/index.php?rest_route=\/wp\/v2\/pages\/767\/revisions"}],"predecessor-version":[{"id":777,"href":"https:\/\/www.quekawaii.com\/index.php?rest_route=\/wp\/v2\/pages\/767\/revisions\/777"}],"wp:attachment":[{"href":"https:\/\/www.quekawaii.com\/index.php?rest_route=%2Fwp%2Fv2%2Fmedia&parent=767"}],"curies":[{"name":"wp","href":"https:\/\/api.w.org\/{rel}","templated":true}]}}