{"id":1255,"date":"2024-07-13T15:41:43","date_gmt":"2024-07-13T15:41:43","guid":{"rendered":"https:\/\/www.quekawaii.com\/?post_type=product&#038;p=1255"},"modified":"2024-11-16T19:25:56","modified_gmt":"2024-11-16T19:25:56","slug":"que-kawaii-puerta-azul-ratoncito-perez-que-abre-y-brilla-con-universo-de-estrellas-y-planetas-certificados-y-complementos-de-resina-bolsa-crochet-hecha-a-mano-pura-magia","status":"publish","type":"product","link":"https:\/\/www.quekawaii.com\/?product=que-kawaii-puerta-azul-ratoncito-perez-que-abre-y-brilla-con-universo-de-estrellas-y-planetas-certificados-y-complementos-de-resina-bolsa-crochet-hecha-a-mano-pura-magia","title":{"rendered":"Puerta (Azul) Ratoncito P\u00e9rez"},"content":{"rendered":"<div id=\"productDescription_feature_div\" class=\"celwidget\" data-feature-name=\"productDescription\" data-csa-c-type=\"widget\" data-csa-c-content-id=\"productDescription\" data-csa-c-slot-id=\"productDescription_feature_div\" data-csa-c-asin=\"B0CR1PHFBX\" data-csa-c-is-in-initial-active-row=\"false\" data-csa-c-id=\"q7kni3-dotqek-rku3a0-pz3nry\" data-cel-widget=\"productDescription_feature_div\">\n<div id=\"productDescription\" class=\"a-section a-spacing-small\">\n<p>A\u00f1ade m\u00e1s magia a la ca\u00edda de los dientes de los m\u00e1s peque\u00f1os con este nuevo kit \u00fanico y m\u00e1gico del Ratoncito P\u00e9rez que har\u00e1 iluminar la imaginaci\u00f3n por las noches. El kit est\u00e1 pensado para motivar y animar a los m\u00e1s peque\u00f1@s a personalizar su puertecita!!<\/p>\n<p>Fomentar\u00e1 su creatividad y su imaginaci\u00f3n; sumergi\u00e9ndose en un mundo fascinante.<\/p>\n<p>Los l\u00edmites no existen!!!<\/p>\n<p>CONTENIDO DEL KIT<\/p>\n<p>&#8211; 1 puerta de madera color azul de 11,5 cm x 8,5 cm x 0,6 cm<br \/>\n&#8211; 1 pomo dorado<br \/>\n&#8211; 1 escalerita blanca de 10 cm x 3 cm x 0,3 cm<br \/>\n&#8211; 1 bolsita de crochet (hecha a mano) que brilla azul en la oscuridad para guardar el diente<br \/>\n&#8211; 1 ratoncito de resina que brilla azul<br \/>\n&#8211; 1 Plato de resina<br \/>\n&#8211; 1 Quesito de resina<br \/>\n&#8211; estrellas y planetas de de vinilo autoadhesivas luminosas verdes y azules<br \/>\n&#8211; 6 certificados oficiales para comprobar la calidad del diente ca\u00eddo.<\/p>\n<p>Dise\u00f1o \u00fanico y exclusivo de Qu\u00e9 Kawaii. Pura Magia.<\/p>\n<\/div>\n<\/div>\n<div id=\"featurebullets_feature_div\" class=\"celwidget\" data-feature-name=\"featurebullets\" data-csa-c-type=\"widget\" data-csa-c-content-id=\"featurebullets\" data-csa-c-slot-id=\"featurebullets_feature_div\" data-csa-c-asin=\"B0CR1PHFBX\" data-csa-c-is-in-initial-active-row=\"false\" data-csa-c-id=\"3ii3j8-fcn2z0-jcpvcs-cmhqkd\" data-cel-widget=\"featurebullets_feature_div\">\n<div id=\"feature-bullets\" class=\"a-section a-spacing-medium a-spacing-top-small\">\n<ul class=\"a-unordered-list a-vertical a-spacing-mini\">\n<li class=\"a-spacing-mini\"><span class=\"a-list-item\">madera y resina<\/span><\/li>\n<\/ul>\n<\/div>\n<\/div>\n","protected":false},"excerpt":{"rendered":"<p>&#8211; 1 puerta de madera color azul de 11,5 cm x 8,5 cm x 0,6 cm<br \/>\n&#8211; 1 pomo dorado<br \/>\n&#8211; 1 escalerita blanca de 10 cm x 3 cm x 0,3 cm<br \/>\n&#8211; 1 bolsita de crochet (hecha a mano) que brilla azul en la oscuridad para guardar el diente<br \/>\n&#8211; 1 ratoncito de resina que brilla azul<br \/>\n&#8211; 1 Plato de resina<br \/>\n&#8211; 1 Quesito de resina<br \/>\n&#8211; estrellas y planetas de de vinilo autoadhesivas luminosas verdes y azules<br \/>\n&#8211; 6 certificados oficiales para comprobar la calidad del diente ca\u00eddo.<\/p>\n<p>Dise\u00f1o \u00fanico y exclusivo de Qu\u00e9 Kawaii. Pura Magia.<\/p>\n","protected":false},"featured_media":1249,"comment_status":"closed","ping_status":"closed","template":"","meta":[],"product_brand":[],"product_cat":[20],"product_tag":[21],"class_list":{"0":"post-1255","1":"product","2":"type-product","3":"status-publish","4":"has-post-thumbnail","6":"product_cat-ratoncito","7":"product_tag-ratoncito-perez","9":"first","10":"instock","11":"taxable","12":"shipping-taxable","13":"purchasable","14":"product-type-simple"},"yoast_head":"<!-- This site is optimized with the Yoast SEO plugin v27.4 - https:\/\/yoast.com\/product\/yoast-seo-wordpress\/ -->\n<title>Puerta (Azul) Ratoncito P\u00e9rez - QueKawaii<\/title>\n<meta name=\"description\" content=\"Qu\u00e9 Kawaii\u00ae puerta (Azul) Ratoncito P\u00e9rez que abre y brilla con universo de estrellas y planetas. Certificados y complementos de resina. Bolsa crochet (hecha a mano). Pura magia.\" \/>\n<meta name=\"robots\" content=\"index, follow, max-snippet:-1, max-image-preview:large, max-video-preview:-1\" \/>\n<link rel=\"canonical\" href=\"https:\/\/www.quekawaii.com\/?product=que-kawaii-puerta-azul-ratoncito-perez-que-abre-y-brilla-con-universo-de-estrellas-y-planetas-certificados-y-complementos-de-resina-bolsa-crochet-hecha-a-mano-pura-magia\" \/>\n<meta property=\"og:locale\" content=\"es_ES\" \/>\n<meta property=\"og:type\" content=\"article\" \/>\n<meta property=\"og:title\" content=\"Puerta (Azul) Ratoncito P\u00e9rez - QueKawaii\" \/>\n<meta property=\"og:description\" content=\"Qu\u00e9 Kawaii\u00ae puerta (Azul) Ratoncito P\u00e9rez que abre y brilla con universo de estrellas y planetas. Certificados y complementos de resina. Bolsa crochet (hecha a mano). Pura magia.\" \/>\n<meta property=\"og:url\" content=\"https:\/\/www.quekawaii.com\/?product=que-kawaii-puerta-azul-ratoncito-perez-que-abre-y-brilla-con-universo-de-estrellas-y-planetas-certificados-y-complementos-de-resina-bolsa-crochet-hecha-a-mano-pura-magia\" \/>\n<meta property=\"og:site_name\" content=\"QueKawaii\" \/>\n<meta property=\"article:modified_time\" content=\"2024-11-16T19:25:56+00:00\" \/>\n<meta property=\"og:image\" content=\"https:\/\/www.quekawaii.com\/wp-content\/uploads\/2024\/07\/Porteta-Blava-portada.jpeg\" \/>\n\t<meta property=\"og:image:width\" content=\"2048\" \/>\n\t<meta property=\"og:image:height\" content=\"2048\" \/>\n\t<meta property=\"og:image:type\" content=\"image\/jpeg\" \/>\n<meta name=\"twitter:card\" content=\"summary_large_image\" \/>\n<meta name=\"twitter:label1\" content=\"Tiempo de lectura\" \/>\n\t<meta name=\"twitter:data1\" content=\"1 minuto\" \/>\n<script type=\"application\/ld+json\" class=\"yoast-schema-graph\">{\"@context\":\"https:\\\/\\\/schema.org\",\"@graph\":[{\"@type\":\"WebPage\",\"@id\":\"https:\\\/\\\/www.quekawaii.com\\\/?product=que-kawaii-puerta-azul-ratoncito-perez-que-abre-y-brilla-con-universo-de-estrellas-y-planetas-certificados-y-complementos-de-resina-bolsa-crochet-hecha-a-mano-pura-magia\",\"url\":\"https:\\\/\\\/www.quekawaii.com\\\/?product=que-kawaii-puerta-azul-ratoncito-perez-que-abre-y-brilla-con-universo-de-estrellas-y-planetas-certificados-y-complementos-de-resina-bolsa-crochet-hecha-a-mano-pura-magia\",\"name\":\"Puerta (Azul) Ratoncito P\u00e9rez - QueKawaii\",\"isPartOf\":{\"@id\":\"https:\\\/\\\/www.quekawaii.com\\\/#website\"},\"primaryImageOfPage\":{\"@id\":\"https:\\\/\\\/www.quekawaii.com\\\/?product=que-kawaii-puerta-azul-ratoncito-perez-que-abre-y-brilla-con-universo-de-estrellas-y-planetas-certificados-y-complementos-de-resina-bolsa-crochet-hecha-a-mano-pura-magia#primaryimage\"},\"image\":{\"@id\":\"https:\\\/\\\/www.quekawaii.com\\\/?product=que-kawaii-puerta-azul-ratoncito-perez-que-abre-y-brilla-con-universo-de-estrellas-y-planetas-certificados-y-complementos-de-resina-bolsa-crochet-hecha-a-mano-pura-magia#primaryimage\"},\"thumbnailUrl\":\"https:\\\/\\\/www.quekawaii.com\\\/wp-content\\\/uploads\\\/2024\\\/07\\\/Porteta-Blava-portada.jpeg\",\"datePublished\":\"2024-07-13T15:41:43+00:00\",\"dateModified\":\"2024-11-16T19:25:56+00:00\",\"description\":\"Qu\u00e9 Kawaii\u00ae puerta (Azul) Ratoncito P\u00e9rez que abre y brilla con universo de estrellas y planetas. Certificados y complementos de resina. Bolsa crochet (hecha a mano). Pura magia.\",\"breadcrumb\":{\"@id\":\"https:\\\/\\\/www.quekawaii.com\\\/?product=que-kawaii-puerta-azul-ratoncito-perez-que-abre-y-brilla-con-universo-de-estrellas-y-planetas-certificados-y-complementos-de-resina-bolsa-crochet-hecha-a-mano-pura-magia#breadcrumb\"},\"inLanguage\":\"es\",\"potentialAction\":[{\"@type\":\"ReadAction\",\"target\":[\"https:\\\/\\\/www.quekawaii.com\\\/?product=que-kawaii-puerta-azul-ratoncito-perez-que-abre-y-brilla-con-universo-de-estrellas-y-planetas-certificados-y-complementos-de-resina-bolsa-crochet-hecha-a-mano-pura-magia\"]}]},{\"@type\":\"ImageObject\",\"inLanguage\":\"es\",\"@id\":\"https:\\\/\\\/www.quekawaii.com\\\/?product=que-kawaii-puerta-azul-ratoncito-perez-que-abre-y-brilla-con-universo-de-estrellas-y-planetas-certificados-y-complementos-de-resina-bolsa-crochet-hecha-a-mano-pura-magia#primaryimage\",\"url\":\"https:\\\/\\\/www.quekawaii.com\\\/wp-content\\\/uploads\\\/2024\\\/07\\\/Porteta-Blava-portada.jpeg\",\"contentUrl\":\"https:\\\/\\\/www.quekawaii.com\\\/wp-content\\\/uploads\\\/2024\\\/07\\\/Porteta-Blava-portada.jpeg\",\"width\":2048,\"height\":2048},{\"@type\":\"BreadcrumbList\",\"@id\":\"https:\\\/\\\/www.quekawaii.com\\\/?product=que-kawaii-puerta-azul-ratoncito-perez-que-abre-y-brilla-con-universo-de-estrellas-y-planetas-certificados-y-complementos-de-resina-bolsa-crochet-hecha-a-mano-pura-magia#breadcrumb\",\"itemListElement\":[{\"@type\":\"ListItem\",\"position\":1,\"name\":\"Portada\",\"item\":\"https:\\\/\\\/www.quekawaii.com\\\/\"},{\"@type\":\"ListItem\",\"position\":2,\"name\":\"Tienda\",\"item\":\"https:\\\/\\\/www.quekawaii.com\\\/?page_id=30\"},{\"@type\":\"ListItem\",\"position\":3,\"name\":\"Puerta (Azul) Ratoncito P\u00e9rez\"}]},{\"@type\":\"WebSite\",\"@id\":\"https:\\\/\\\/www.quekawaii.com\\\/#website\",\"url\":\"https:\\\/\\\/www.quekawaii.com\\\/\",\"name\":\"QueKawaii\",\"description\":\"\",\"potentialAction\":[{\"@type\":\"SearchAction\",\"target\":{\"@type\":\"EntryPoint\",\"urlTemplate\":\"https:\\\/\\\/www.quekawaii.com\\\/?s={search_term_string}\"},\"query-input\":{\"@type\":\"PropertyValueSpecification\",\"valueRequired\":true,\"valueName\":\"search_term_string\"}}],\"inLanguage\":\"es\"}]}<\/script>\n<!-- \/ Yoast SEO plugin. -->","yoast_head_json":{"title":"Puerta (Azul) Ratoncito P\u00e9rez - QueKawaii","description":"Qu\u00e9 Kawaii\u00ae puerta (Azul) Ratoncito P\u00e9rez que abre y brilla con universo de estrellas y planetas. Certificados y complementos de resina. Bolsa crochet (hecha a mano). Pura magia.","robots":{"index":"index","follow":"follow","max-snippet":"max-snippet:-1","max-image-preview":"max-image-preview:large","max-video-preview":"max-video-preview:-1"},"canonical":"https:\/\/www.quekawaii.com\/?product=que-kawaii-puerta-azul-ratoncito-perez-que-abre-y-brilla-con-universo-de-estrellas-y-planetas-certificados-y-complementos-de-resina-bolsa-crochet-hecha-a-mano-pura-magia","og_locale":"es_ES","og_type":"article","og_title":"Puerta (Azul) Ratoncito P\u00e9rez - QueKawaii","og_description":"Qu\u00e9 Kawaii\u00ae puerta (Azul) Ratoncito P\u00e9rez que abre y brilla con universo de estrellas y planetas. Certificados y complementos de resina. Bolsa crochet (hecha a mano). Pura magia.","og_url":"https:\/\/www.quekawaii.com\/?product=que-kawaii-puerta-azul-ratoncito-perez-que-abre-y-brilla-con-universo-de-estrellas-y-planetas-certificados-y-complementos-de-resina-bolsa-crochet-hecha-a-mano-pura-magia","og_site_name":"QueKawaii","article_modified_time":"2024-11-16T19:25:56+00:00","og_image":[{"width":2048,"height":2048,"url":"https:\/\/www.quekawaii.com\/wp-content\/uploads\/2024\/07\/Porteta-Blava-portada.jpeg","type":"image\/jpeg"}],"twitter_card":"summary_large_image","twitter_misc":{"Tiempo de lectura":"1 minuto"},"schema":{"@context":"https:\/\/schema.org","@graph":[{"@type":"WebPage","@id":"https:\/\/www.quekawaii.com\/?product=que-kawaii-puerta-azul-ratoncito-perez-que-abre-y-brilla-con-universo-de-estrellas-y-planetas-certificados-y-complementos-de-resina-bolsa-crochet-hecha-a-mano-pura-magia","url":"https:\/\/www.quekawaii.com\/?product=que-kawaii-puerta-azul-ratoncito-perez-que-abre-y-brilla-con-universo-de-estrellas-y-planetas-certificados-y-complementos-de-resina-bolsa-crochet-hecha-a-mano-pura-magia","name":"Puerta (Azul) Ratoncito P\u00e9rez - QueKawaii","isPartOf":{"@id":"https:\/\/www.quekawaii.com\/#website"},"primaryImageOfPage":{"@id":"https:\/\/www.quekawaii.com\/?product=que-kawaii-puerta-azul-ratoncito-perez-que-abre-y-brilla-con-universo-de-estrellas-y-planetas-certificados-y-complementos-de-resina-bolsa-crochet-hecha-a-mano-pura-magia#primaryimage"},"image":{"@id":"https:\/\/www.quekawaii.com\/?product=que-kawaii-puerta-azul-ratoncito-perez-que-abre-y-brilla-con-universo-de-estrellas-y-planetas-certificados-y-complementos-de-resina-bolsa-crochet-hecha-a-mano-pura-magia#primaryimage"},"thumbnailUrl":"https:\/\/www.quekawaii.com\/wp-content\/uploads\/2024\/07\/Porteta-Blava-portada.jpeg","datePublished":"2024-07-13T15:41:43+00:00","dateModified":"2024-11-16T19:25:56+00:00","description":"Qu\u00e9 Kawaii\u00ae puerta (Azul) Ratoncito P\u00e9rez que abre y brilla con universo de estrellas y planetas. Certificados y complementos de resina. Bolsa crochet (hecha a mano). Pura magia.","breadcrumb":{"@id":"https:\/\/www.quekawaii.com\/?product=que-kawaii-puerta-azul-ratoncito-perez-que-abre-y-brilla-con-universo-de-estrellas-y-planetas-certificados-y-complementos-de-resina-bolsa-crochet-hecha-a-mano-pura-magia#breadcrumb"},"inLanguage":"es","potentialAction":[{"@type":"ReadAction","target":["https:\/\/www.quekawaii.com\/?product=que-kawaii-puerta-azul-ratoncito-perez-que-abre-y-brilla-con-universo-de-estrellas-y-planetas-certificados-y-complementos-de-resina-bolsa-crochet-hecha-a-mano-pura-magia"]}]},{"@type":"ImageObject","inLanguage":"es","@id":"https:\/\/www.quekawaii.com\/?product=que-kawaii-puerta-azul-ratoncito-perez-que-abre-y-brilla-con-universo-de-estrellas-y-planetas-certificados-y-complementos-de-resina-bolsa-crochet-hecha-a-mano-pura-magia#primaryimage","url":"https:\/\/www.quekawaii.com\/wp-content\/uploads\/2024\/07\/Porteta-Blava-portada.jpeg","contentUrl":"https:\/\/www.quekawaii.com\/wp-content\/uploads\/2024\/07\/Porteta-Blava-portada.jpeg","width":2048,"height":2048},{"@type":"BreadcrumbList","@id":"https:\/\/www.quekawaii.com\/?product=que-kawaii-puerta-azul-ratoncito-perez-que-abre-y-brilla-con-universo-de-estrellas-y-planetas-certificados-y-complementos-de-resina-bolsa-crochet-hecha-a-mano-pura-magia#breadcrumb","itemListElement":[{"@type":"ListItem","position":1,"name":"Portada","item":"https:\/\/www.quekawaii.com\/"},{"@type":"ListItem","position":2,"name":"Tienda","item":"https:\/\/www.quekawaii.com\/?page_id=30"},{"@type":"ListItem","position":3,"name":"Puerta (Azul) Ratoncito P\u00e9rez"}]},{"@type":"WebSite","@id":"https:\/\/www.quekawaii.com\/#website","url":"https:\/\/www.quekawaii.com\/","name":"QueKawaii","description":"","potentialAction":[{"@type":"SearchAction","target":{"@type":"EntryPoint","urlTemplate":"https:\/\/www.quekawaii.com\/?s={search_term_string}"},"query-input":{"@type":"PropertyValueSpecification","valueRequired":true,"valueName":"search_term_string"}}],"inLanguage":"es"}]}},"_links":{"self":[{"href":"https:\/\/www.quekawaii.com\/index.php?rest_route=\/wp\/v2\/product\/1255","targetHints":{"allow":["GET"]}}],"collection":[{"href":"https:\/\/www.quekawaii.com\/index.php?rest_route=\/wp\/v2\/product"}],"about":[{"href":"https:\/\/www.quekawaii.com\/index.php?rest_route=\/wp\/v2\/types\/product"}],"replies":[{"embeddable":true,"href":"https:\/\/www.quekawaii.com\/index.php?rest_route=%2Fwp%2Fv2%2Fcomments&post=1255"}],"wp:featuredmedia":[{"embeddable":true,"href":"https:\/\/www.quekawaii.com\/index.php?rest_route=\/wp\/v2\/media\/1249"}],"wp:attachment":[{"href":"https:\/\/www.quekawaii.com\/index.php?rest_route=%2Fwp%2Fv2%2Fmedia&parent=1255"}],"wp:term":[{"taxonomy":"product_brand","embeddable":true,"href":"https:\/\/www.quekawaii.com\/index.php?rest_route=%2Fwp%2Fv2%2Fproduct_brand&post=1255"},{"taxonomy":"product_cat","embeddable":true,"href":"https:\/\/www.quekawaii.com\/index.php?rest_route=%2Fwp%2Fv2%2Fproduct_cat&post=1255"},{"taxonomy":"product_tag","embeddable":true,"href":"https:\/\/www.quekawaii.com\/index.php?rest_route=%2Fwp%2Fv2%2Fproduct_tag&post=1255"}],"curies":[{"name":"wp","href":"https:\/\/api.w.org\/{rel}","templated":true}]}}