{"id":957,"date":"2021-11-24T16:06:30","date_gmt":"2021-11-24T16:06:30","guid":{"rendered":"https:\/\/www.quekawaii.com\/?post_type=product&#038;p=957"},"modified":"2024-07-14T09:11:53","modified_gmt":"2024-07-14T09:11:53","slug":"puerta-magica-ratoncito-perez-hada-de-los-dientes-3","status":"publish","type":"product","link":"https:\/\/www.quekawaii.com\/?product=puerta-magica-ratoncito-perez-hada-de-los-dientes-3","title":{"rendered":"Puerta m\u00e1gica Seta Ratoncito P\u00e9rez"},"content":{"rendered":"<p>Puerta m\u00e1gica del ratoncito P\u00e9rez en forma de seta. Es un producto que requiere montaje y pintura para que cada ni\u00f1o o ni\u00f1a disfrute pint\u00e1ndolo y decor\u00e1ndolo a su gusto, creando un producto \u00fanico y exclusivo Tama\u00f1o de la seta: 15 x 15 cm<\/p>\n<p>El producto incluye:<\/p>\n<p>-Seta de madera y b\u00faho -Adhesivos para colocar la seta y el b\u00faho en la pared<\/p>\n<p>-Vinilo adhesivo de ratoncito P\u00e9rez<\/p>\n<p>-Vinilo adhesivo de maceta con cactus<\/p>\n<p>-Vinilo adhesivo con 4 estrellas que brillan en la oscuridad (si se iluminan unos segundos con una luz artificial directa, lograr\u00e1s potenciar su brillo y brillar\u00e1 durante horas)<\/p>\n<p>-No lleva: -Pinturas -Colores -Pegamento<\/p>\n","protected":false},"excerpt":{"rendered":"<p>Puerta m\u00e1gica del ratoncito P\u00e9rez en forma de seta. Es un producto que requiere montaje y pintura para que cada ni\u00f1o o ni\u00f1a disfrute pint\u00e1ndolo y decor\u00e1ndolo a su gusto, creando un producto \u00fanico y exclusivo Tama\u00f1o de la seta: 15 x 15 cm<\/p>\n","protected":false},"featured_media":961,"comment_status":"closed","ping_status":"closed","template":"","meta":[],"product_brand":[],"product_cat":[20],"product_tag":[21],"class_list":{"0":"post-957","1":"product","2":"type-product","3":"status-publish","4":"has-post-thumbnail","6":"product_cat-ratoncito","7":"product_tag-ratoncito-perez","9":"first","10":"instock","11":"taxable","12":"shipping-taxable","13":"purchasable","14":"product-type-simple"},"yoast_head":"<!-- This site is optimized with the Yoast SEO plugin v27.4 - https:\/\/yoast.com\/product\/yoast-seo-wordpress\/ -->\n<title>Puerta m\u00e1gica Seta Ratoncito P\u00e9rez - QueKawaii<\/title>\n<meta name=\"description\" content=\"Puerta m\u00e1gica del ratoncito P\u00e9rez en forma de seta. Es un producto que requiere montaje y pintura para que cada ni\u00f1o o ni\u00f1a disfrute pint\u00e1ndolo y decor\u00e1ndolo a su gusto, creando un producto \u00fanico y exclusivo Tama\u00f1o de la seta: 15 x 15 cm\" \/>\n<meta name=\"robots\" content=\"index, follow, max-snippet:-1, max-image-preview:large, max-video-preview:-1\" \/>\n<link rel=\"canonical\" href=\"https:\/\/www.quekawaii.com\/?product=puerta-magica-ratoncito-perez-hada-de-los-dientes-3\" \/>\n<meta property=\"og:locale\" content=\"es_ES\" \/>\n<meta property=\"og:type\" content=\"article\" \/>\n<meta property=\"og:title\" content=\"Puerta m\u00e1gica Seta Ratoncito P\u00e9rez - QueKawaii\" \/>\n<meta property=\"og:description\" content=\"Puerta m\u00e1gica del ratoncito P\u00e9rez en forma de seta. Es un producto que requiere montaje y pintura para que cada ni\u00f1o o ni\u00f1a disfrute pint\u00e1ndolo y decor\u00e1ndolo a su gusto, creando un producto \u00fanico y exclusivo Tama\u00f1o de la seta: 15 x 15 cm\" \/>\n<meta property=\"og:url\" content=\"https:\/\/www.quekawaii.com\/?product=puerta-magica-ratoncito-perez-hada-de-los-dientes-3\" \/>\n<meta property=\"og:site_name\" content=\"QueKawaii\" \/>\n<meta property=\"article:modified_time\" content=\"2024-07-14T09:11:53+00:00\" \/>\n<meta property=\"og:image\" content=\"https:\/\/www.quekawaii.com\/wp-content\/uploads\/2021\/11\/51UpVMuYZsS._SL1181_.jpg\" \/>\n\t<meta property=\"og:image:width\" content=\"1181\" \/>\n\t<meta property=\"og:image:height\" content=\"1019\" \/>\n\t<meta property=\"og:image:type\" content=\"image\/jpeg\" \/>\n<meta name=\"twitter:card\" content=\"summary_large_image\" \/>\n<meta name=\"twitter:label1\" content=\"Tiempo de lectura\" \/>\n\t<meta name=\"twitter:data1\" content=\"1 minuto\" \/>\n<script type=\"application\/ld+json\" class=\"yoast-schema-graph\">{\"@context\":\"https:\\\/\\\/schema.org\",\"@graph\":[{\"@type\":\"WebPage\",\"@id\":\"https:\\\/\\\/www.quekawaii.com\\\/?product=puerta-magica-ratoncito-perez-hada-de-los-dientes-3\",\"url\":\"https:\\\/\\\/www.quekawaii.com\\\/?product=puerta-magica-ratoncito-perez-hada-de-los-dientes-3\",\"name\":\"Puerta m\u00e1gica Seta Ratoncito P\u00e9rez - QueKawaii\",\"isPartOf\":{\"@id\":\"https:\\\/\\\/www.quekawaii.com\\\/#website\"},\"primaryImageOfPage\":{\"@id\":\"https:\\\/\\\/www.quekawaii.com\\\/?product=puerta-magica-ratoncito-perez-hada-de-los-dientes-3#primaryimage\"},\"image\":{\"@id\":\"https:\\\/\\\/www.quekawaii.com\\\/?product=puerta-magica-ratoncito-perez-hada-de-los-dientes-3#primaryimage\"},\"thumbnailUrl\":\"https:\\\/\\\/www.quekawaii.com\\\/wp-content\\\/uploads\\\/2021\\\/11\\\/51UpVMuYZsS._SL1181_.jpg\",\"datePublished\":\"2021-11-24T16:06:30+00:00\",\"dateModified\":\"2024-07-14T09:11:53+00:00\",\"description\":\"Puerta m\u00e1gica del ratoncito P\u00e9rez en forma de seta. Es un producto que requiere montaje y pintura para que cada ni\u00f1o o ni\u00f1a disfrute pint\u00e1ndolo y decor\u00e1ndolo a su gusto, creando un producto \u00fanico y exclusivo Tama\u00f1o de la seta: 15 x 15 cm\",\"breadcrumb\":{\"@id\":\"https:\\\/\\\/www.quekawaii.com\\\/?product=puerta-magica-ratoncito-perez-hada-de-los-dientes-3#breadcrumb\"},\"inLanguage\":\"es\",\"potentialAction\":[{\"@type\":\"ReadAction\",\"target\":[\"https:\\\/\\\/www.quekawaii.com\\\/?product=puerta-magica-ratoncito-perez-hada-de-los-dientes-3\"]}]},{\"@type\":\"ImageObject\",\"inLanguage\":\"es\",\"@id\":\"https:\\\/\\\/www.quekawaii.com\\\/?product=puerta-magica-ratoncito-perez-hada-de-los-dientes-3#primaryimage\",\"url\":\"https:\\\/\\\/www.quekawaii.com\\\/wp-content\\\/uploads\\\/2021\\\/11\\\/51UpVMuYZsS._SL1181_.jpg\",\"contentUrl\":\"https:\\\/\\\/www.quekawaii.com\\\/wp-content\\\/uploads\\\/2021\\\/11\\\/51UpVMuYZsS._SL1181_.jpg\",\"width\":1181,\"height\":1019},{\"@type\":\"BreadcrumbList\",\"@id\":\"https:\\\/\\\/www.quekawaii.com\\\/?product=puerta-magica-ratoncito-perez-hada-de-los-dientes-3#breadcrumb\",\"itemListElement\":[{\"@type\":\"ListItem\",\"position\":1,\"name\":\"Portada\",\"item\":\"https:\\\/\\\/www.quekawaii.com\\\/\"},{\"@type\":\"ListItem\",\"position\":2,\"name\":\"Tienda\",\"item\":\"https:\\\/\\\/www.quekawaii.com\\\/?page_id=30\"},{\"@type\":\"ListItem\",\"position\":3,\"name\":\"Puerta m\u00e1gica Seta Ratoncito P\u00e9rez\"}]},{\"@type\":\"WebSite\",\"@id\":\"https:\\\/\\\/www.quekawaii.com\\\/#website\",\"url\":\"https:\\\/\\\/www.quekawaii.com\\\/\",\"name\":\"QueKawaii\",\"description\":\"\",\"potentialAction\":[{\"@type\":\"SearchAction\",\"target\":{\"@type\":\"EntryPoint\",\"urlTemplate\":\"https:\\\/\\\/www.quekawaii.com\\\/?s={search_term_string}\"},\"query-input\":{\"@type\":\"PropertyValueSpecification\",\"valueRequired\":true,\"valueName\":\"search_term_string\"}}],\"inLanguage\":\"es\"}]}<\/script>\n<!-- \/ Yoast SEO plugin. -->","yoast_head_json":{"title":"Puerta m\u00e1gica Seta Ratoncito P\u00e9rez - QueKawaii","description":"Puerta m\u00e1gica del ratoncito P\u00e9rez en forma de seta. Es un producto que requiere montaje y pintura para que cada ni\u00f1o o ni\u00f1a disfrute pint\u00e1ndolo y decor\u00e1ndolo a su gusto, creando un producto \u00fanico y exclusivo Tama\u00f1o de la seta: 15 x 15 cm","robots":{"index":"index","follow":"follow","max-snippet":"max-snippet:-1","max-image-preview":"max-image-preview:large","max-video-preview":"max-video-preview:-1"},"canonical":"https:\/\/www.quekawaii.com\/?product=puerta-magica-ratoncito-perez-hada-de-los-dientes-3","og_locale":"es_ES","og_type":"article","og_title":"Puerta m\u00e1gica Seta Ratoncito P\u00e9rez - QueKawaii","og_description":"Puerta m\u00e1gica del ratoncito P\u00e9rez en forma de seta. Es un producto que requiere montaje y pintura para que cada ni\u00f1o o ni\u00f1a disfrute pint\u00e1ndolo y decor\u00e1ndolo a su gusto, creando un producto \u00fanico y exclusivo Tama\u00f1o de la seta: 15 x 15 cm","og_url":"https:\/\/www.quekawaii.com\/?product=puerta-magica-ratoncito-perez-hada-de-los-dientes-3","og_site_name":"QueKawaii","article_modified_time":"2024-07-14T09:11:53+00:00","og_image":[{"width":1181,"height":1019,"url":"https:\/\/www.quekawaii.com\/wp-content\/uploads\/2021\/11\/51UpVMuYZsS._SL1181_.jpg","type":"image\/jpeg"}],"twitter_card":"summary_large_image","twitter_misc":{"Tiempo de lectura":"1 minuto"},"schema":{"@context":"https:\/\/schema.org","@graph":[{"@type":"WebPage","@id":"https:\/\/www.quekawaii.com\/?product=puerta-magica-ratoncito-perez-hada-de-los-dientes-3","url":"https:\/\/www.quekawaii.com\/?product=puerta-magica-ratoncito-perez-hada-de-los-dientes-3","name":"Puerta m\u00e1gica Seta Ratoncito P\u00e9rez - QueKawaii","isPartOf":{"@id":"https:\/\/www.quekawaii.com\/#website"},"primaryImageOfPage":{"@id":"https:\/\/www.quekawaii.com\/?product=puerta-magica-ratoncito-perez-hada-de-los-dientes-3#primaryimage"},"image":{"@id":"https:\/\/www.quekawaii.com\/?product=puerta-magica-ratoncito-perez-hada-de-los-dientes-3#primaryimage"},"thumbnailUrl":"https:\/\/www.quekawaii.com\/wp-content\/uploads\/2021\/11\/51UpVMuYZsS._SL1181_.jpg","datePublished":"2021-11-24T16:06:30+00:00","dateModified":"2024-07-14T09:11:53+00:00","description":"Puerta m\u00e1gica del ratoncito P\u00e9rez en forma de seta. Es un producto que requiere montaje y pintura para que cada ni\u00f1o o ni\u00f1a disfrute pint\u00e1ndolo y decor\u00e1ndolo a su gusto, creando un producto \u00fanico y exclusivo Tama\u00f1o de la seta: 15 x 15 cm","breadcrumb":{"@id":"https:\/\/www.quekawaii.com\/?product=puerta-magica-ratoncito-perez-hada-de-los-dientes-3#breadcrumb"},"inLanguage":"es","potentialAction":[{"@type":"ReadAction","target":["https:\/\/www.quekawaii.com\/?product=puerta-magica-ratoncito-perez-hada-de-los-dientes-3"]}]},{"@type":"ImageObject","inLanguage":"es","@id":"https:\/\/www.quekawaii.com\/?product=puerta-magica-ratoncito-perez-hada-de-los-dientes-3#primaryimage","url":"https:\/\/www.quekawaii.com\/wp-content\/uploads\/2021\/11\/51UpVMuYZsS._SL1181_.jpg","contentUrl":"https:\/\/www.quekawaii.com\/wp-content\/uploads\/2021\/11\/51UpVMuYZsS._SL1181_.jpg","width":1181,"height":1019},{"@type":"BreadcrumbList","@id":"https:\/\/www.quekawaii.com\/?product=puerta-magica-ratoncito-perez-hada-de-los-dientes-3#breadcrumb","itemListElement":[{"@type":"ListItem","position":1,"name":"Portada","item":"https:\/\/www.quekawaii.com\/"},{"@type":"ListItem","position":2,"name":"Tienda","item":"https:\/\/www.quekawaii.com\/?page_id=30"},{"@type":"ListItem","position":3,"name":"Puerta m\u00e1gica Seta Ratoncito P\u00e9rez"}]},{"@type":"WebSite","@id":"https:\/\/www.quekawaii.com\/#website","url":"https:\/\/www.quekawaii.com\/","name":"QueKawaii","description":"","potentialAction":[{"@type":"SearchAction","target":{"@type":"EntryPoint","urlTemplate":"https:\/\/www.quekawaii.com\/?s={search_term_string}"},"query-input":{"@type":"PropertyValueSpecification","valueRequired":true,"valueName":"search_term_string"}}],"inLanguage":"es"}]}},"_links":{"self":[{"href":"https:\/\/www.quekawaii.com\/index.php?rest_route=\/wp\/v2\/product\/957","targetHints":{"allow":["GET"]}}],"collection":[{"href":"https:\/\/www.quekawaii.com\/index.php?rest_route=\/wp\/v2\/product"}],"about":[{"href":"https:\/\/www.quekawaii.com\/index.php?rest_route=\/wp\/v2\/types\/product"}],"replies":[{"embeddable":true,"href":"https:\/\/www.quekawaii.com\/index.php?rest_route=%2Fwp%2Fv2%2Fcomments&post=957"}],"wp:featuredmedia":[{"embeddable":true,"href":"https:\/\/www.quekawaii.com\/index.php?rest_route=\/wp\/v2\/media\/961"}],"wp:attachment":[{"href":"https:\/\/www.quekawaii.com\/index.php?rest_route=%2Fwp%2Fv2%2Fmedia&parent=957"}],"wp:term":[{"taxonomy":"product_brand","embeddable":true,"href":"https:\/\/www.quekawaii.com\/index.php?rest_route=%2Fwp%2Fv2%2Fproduct_brand&post=957"},{"taxonomy":"product_cat","embeddable":true,"href":"https:\/\/www.quekawaii.com\/index.php?rest_route=%2Fwp%2Fv2%2Fproduct_cat&post=957"},{"taxonomy":"product_tag","embeddable":true,"href":"https:\/\/www.quekawaii.com\/index.php?rest_route=%2Fwp%2Fv2%2Fproduct_tag&post=957"}],"curies":[{"name":"wp","href":"https:\/\/api.w.org\/{rel}","templated":true}]}}